{"id":139,"date":"2019-11-05T09:04:33","date_gmt":"2019-11-05T08:04:33","guid":{"rendered":"https:\/\/www.range-immobilien.de\/?page_id=139"},"modified":"2026-03-23T12:20:42","modified_gmt":"2026-03-23T11:20:42","slug":"impressum","status":"publish","type":"page","link":"https:\/\/www.range-immobilien.de\/Immobilienmakler-in-Hamburg-Schnelsen\/impressum\/","title":{"rendered":"Impressum"},"content":{"rendered":"<div data-colibri-id=\"139-c1\" class=\"style-795 style-local-139-c1 position-relative\">\n  <!---->\n  <div data-colibri-component=\"section\" data-colibri-id=\"139-c2\" id=\"initial-content\" class=\"h-section h-section-global-spacing d-flex align-items-lg-center align-items-md-center align-items-center style-796 style-local-139-c2 position-relative\">\n    <!---->\n    <!---->\n    <div class=\"h-section-grid-container h-section-boxed-container\">\n      <!---->\n      <div data-colibri-id=\"139-c3\" class=\"h-row-container gutters-row-lg-2 gutters-row-md-2 gutters-row-0 gutters-row-v-lg-2 gutters-row-v-md-2 gutters-row-v-2 style-2560 style-local-139-c3 position-relative\">\n        <!---->\n        <div class=\"h-row justify-content-lg-center justify-content-md-center justify-content-center align-items-lg-stretch align-items-md-stretch align-items-stretch gutters-col-lg-2 gutters-col-md-2 gutters-col-0 gutters-col-v-lg-2 gutters-col-v-md-2 gutters-col-v-2\">\n          <!---->\n          <div class=\"h-column h-column-container d-flex h-col-lg-auto h-col-md-auto h-col-auto style-2561-outer style-local-139-c4-outer\">\n            <div data-colibri-id=\"139-c4\" class=\"d-flex h-flex-basis h-column__inner h-px-lg-2 h-px-md-2 h-px-2 v-inner-lg-2 v-inner-md-2 v-inner-2 style-2561 style-local-139-c4 position-relative\">\n              <!---->\n              <!---->\n              <div class=\"w-100 h-y-container h-column__content h-column__v-align flex-basis-100 align-self-lg-start align-self-md-start align-self-start\">\n                <!---->\n                <div data-colibri-id=\"139-c5\" class=\"h-global-transition-all h-heading style-2562 style-local-139-c5 position-relative h-element\">\n                  <!---->\n                  <div class=\"h-heading__outer style-2562 style-local-139-c5\">\n                    <!---->\n                    <!---->\n                    <h1 class=\"\">Impressum<\/h1>\n                  <\/div>\n                <\/div>\n              <\/div>\n            <\/div>\n          <\/div>\n        <\/div>\n      <\/div>\n      <div data-colibri-id=\"139-c6\" class=\"h-row-container gutters-row-lg-2 gutters-row-md-2 gutters-row-0 gutters-row-v-lg-2 gutters-row-v-md-2 gutters-row-v-2 style-1380 style-local-139-c6 position-relative\">\n        <!---->\n        <div class=\"h-row justify-content-lg-center justify-content-md-center justify-content-center align-items-lg-stretch align-items-md-stretch align-items-stretch gutters-col-lg-2 gutters-col-md-2 gutters-col-0 gutters-col-v-lg-2 gutters-col-v-md-2 gutters-col-v-2\">\n          <!---->\n          <div class=\"h-column h-column-container d-flex h-col-lg-auto h-col-md-auto h-col-auto style-1381-outer style-local-139-c7-outer\">\n            <div data-colibri-id=\"139-c7\" class=\"d-flex h-flex-basis h-column__inner h-px-lg-2 h-px-md-2 h-px-2 v-inner-lg-2 v-inner-md-2 v-inner-2 style-1381 style-local-139-c7 position-relative\">\n              <!---->\n              <!---->\n              <div class=\"w-100 h-y-container h-column__content h-column__v-align flex-basis-100 align-self-lg-start align-self-md-start align-self-start\">\n                <!---->\n                <div data-colibri-id=\"139-c8\" class=\"h-global-transition-all h-heading style-1384 style-local-139-c8 position-relative h-element\">\n                  <!---->\n                  <div class=\"h-heading__outer style-1384 style-local-139-c8\">\n                    <!---->\n                    <!---->\n                    <h2 class=\"\">Hinweise gem. Telemediengesetz ( \u00a75TMG ):<\/h2>\n                  <\/div>\n                <\/div>\n              <\/div>\n            <\/div>\n          <\/div>\n        <\/div>\n      <\/div>\n      <div data-colibri-id=\"139-c9\" class=\"h-row-container gutters-row-lg-2 gutters-row-md-2 gutters-row-0 gutters-row-v-lg-2 gutters-row-v-md-2 gutters-row-v-2 style-1385 style-local-139-c9 position-relative\">\n        <!---->\n        <div class=\"h-row justify-content-lg-center justify-content-md-center justify-content-center align-items-lg-stretch align-items-md-stretch align-items-stretch gutters-col-lg-2 gutters-col-md-2 gutters-col-0 gutters-col-v-lg-2 gutters-col-v-md-2 gutters-col-v-2\">\n          <!---->\n          <div class=\"h-column h-column-container d-flex h-col-lg-auto h-col-md-auto h-col-auto style-1386-outer style-local-139-c10-outer\">\n            <div data-colibri-id=\"139-c10\" class=\"d-flex h-flex-basis h-column__inner h-px-lg-2 h-px-md-2 h-px-2 v-inner-lg-2 v-inner-md-2 v-inner-2 style-1386 style-local-139-c10 position-relative\">\n              <!---->\n              <!---->\n              <div class=\"w-100 h-y-container h-column__content h-column__v-align flex-basis-100 align-self-lg-start align-self-md-start align-self-start\">\n                <!---->\n                <div data-colibri-id=\"139-c11\" class=\"h-text h-text-component style-1387 style-local-139-c11 position-relative h-element\">\n                  <!---->\n                  <!---->\n                  <div class=\"\">\n                    <p>Betreiber und verantwortlicher Inhaber dieser Internetseite ist:<\/p>\n                    <p>Range Immobilien <\/p>\n                    <p>Felix Range <\/p>\n                    <p>Am Dorfteich 8 <\/p>\n                    <p>22457 Hamburg<\/p>\n                  <\/div>\n                <\/div>\n              <\/div>\n            <\/div>\n          <\/div>\n        <\/div>\n      <\/div>\n      <div data-colibri-id=\"139-c12\" class=\"h-row-container gutters-row-lg-2 gutters-row-md-2 gutters-row-0 gutters-row-v-lg-2 gutters-row-v-md-2 gutters-row-v-2 style-1388 style-local-139-c12 position-relative\">\n        <!---->\n        <div class=\"h-row justify-content-lg-center justify-content-md-center justify-content-center align-items-lg-stretch align-items-md-stretch align-items-stretch gutters-col-lg-2 gutters-col-md-2 gutters-col-0 gutters-col-v-lg-2 gutters-col-v-md-2 gutters-col-v-2\">\n          <!---->\n          <div class=\"h-column h-column-container d-flex h-col-lg-auto h-col-md-auto h-col-auto style-1389-outer style-local-139-c13-outer\">\n            <div data-colibri-id=\"139-c13\" class=\"d-flex h-flex-basis h-column__inner h-px-lg-2 h-px-md-2 h-px-2 v-inner-lg-2 v-inner-md-2 v-inner-2 style-1389 style-local-139-c13 position-relative\">\n              <!---->\n              <!---->\n              <div class=\"w-100 h-y-container h-column__content h-column__v-align flex-basis-100 align-self-lg-start align-self-md-start align-self-start\">\n                <!---->\n                <div data-colibri-id=\"139-c14\" class=\"h-global-transition-all h-heading style-1390 style-local-139-c14 position-relative h-element\">\n                  <!---->\n                  <div class=\"h-heading__outer style-1390 style-local-139-c14\">\n                    <!---->\n                    <!---->\n                    <h2 class=\"\">Kontakt:<\/h2>\n                  <\/div>\n                <\/div>\n                <div data-colibri-id=\"139-c15\" class=\"h-text h-text-component style-1391 style-local-139-c15 position-relative h-element\">\n                  <!---->\n                  <!---->\n                  <div class=\"\">\n                    <ul>\n                      <li>Telefon: 0170-936 56 43<\/li>\n                      <li>E-Mail: info@range-immobilien.de<\/li>\n                      <li>www.range-immobilien.de<\/li>\n                      <li>Steuernummer: 45\/192\/03907<\/li>\n                    <\/ul>\n                  <\/div>\n                <\/div>\n              <\/div>\n            <\/div>\n          <\/div>\n        <\/div>\n      <\/div>\n      <div data-colibri-id=\"139-c16\" class=\"h-row-container gutters-row-lg-2 gutters-row-md-2 gutters-row-0 gutters-row-v-lg-2 gutters-row-v-md-2 gutters-row-v-2 style-1392 style-local-139-c16 position-relative\">\n        <!---->\n        <div class=\"h-row justify-content-lg-center justify-content-md-center justify-content-center align-items-lg-stretch align-items-md-stretch align-items-stretch gutters-col-lg-2 gutters-col-md-2 gutters-col-0 gutters-col-v-lg-2 gutters-col-v-md-2 gutters-col-v-2\">\n          <!---->\n          <div class=\"h-column h-column-container d-flex h-col-lg-auto h-col-md-auto h-col-auto style-1393-outer style-local-139-c17-outer\">\n            <div data-colibri-id=\"139-c17\" class=\"d-flex h-flex-basis h-column__inner h-px-lg-2 h-px-md-2 h-px-2 v-inner-lg-2 v-inner-md-2 v-inner-2 style-1393 style-local-139-c17 position-relative\">\n              <!---->\n              <!---->\n              <div class=\"w-100 h-y-container h-column__content h-column__v-align flex-basis-100 align-self-lg-start align-self-md-start align-self-start\">\n                <!---->\n                <div data-colibri-id=\"139-c18\" class=\"h-global-transition-all h-heading style-1394 style-local-139-c18 position-relative h-element\">\n                  <!---->\n                  <div class=\"h-heading__outer style-1394 style-local-139-c18\">\n                    <!---->\n                    <!---->\n                    <h2 class=\"\">Aufsichtsbeh\u00f6rde:<\/h2>\n                  <\/div>\n                <\/div>\n                <div data-colibri-id=\"139-c19\" class=\"h-text h-text-component style-1395 style-local-139-c19 position-relative h-element\">\n                  <!---->\n                  <!---->\n                  <div class=\"\">\n                    <p>Freie und Hansestadt Hamburg, Bezirksamt Eimsb\u00fcttel<\/p>\n                    <p>Gewerbeerlaubnis nach \u00a7 34 c ( 1 ) Nr. 1 GewO erteilt durch die Freie und Hansestadt Hamburg, Bezirksamt Eimsb\u00fcttel.<\/p>\n                  <\/div>\n                <\/div>\n              <\/div>\n            <\/div>\n          <\/div>\n        <\/div>\n      <\/div>\n      <div data-colibri-id=\"139-c20\" class=\"h-row-container gutters-row-lg-2 gutters-row-md-2 gutters-row-0 gutters-row-v-lg-2 gutters-row-v-md-2 gutters-row-v-2 style-1396 style-local-139-c20 position-relative\">\n        <!---->\n        <div class=\"h-row justify-content-lg-center justify-content-md-center justify-content-center align-items-lg-stretch align-items-md-stretch align-items-stretch gutters-col-lg-2 gutters-col-md-2 gutters-col-0 gutters-col-v-lg-2 gutters-col-v-md-2 gutters-col-v-2\">\n          <!---->\n          <div class=\"h-column h-column-container d-flex h-col-lg-auto h-col-md-auto h-col-auto style-1397-outer style-local-139-c21-outer\">\n            <div data-colibri-id=\"139-c21\" class=\"d-flex h-flex-basis h-column__inner h-px-lg-2 h-px-md-2 h-px-2 v-inner-lg-2 v-inner-md-2 v-inner-2 style-1397 style-local-139-c21 position-relative\">\n              <!---->\n              <!---->\n              <div class=\"w-100 h-y-container h-column__content h-column__v-align flex-basis-100 align-self-lg-start align-self-md-start align-self-start\">\n                <!---->\n                <div data-colibri-id=\"139-c22\" class=\"h-global-transition-all h-heading style-1398 style-local-139-c22 position-relative h-element\">\n                  <!---->\n                  <div class=\"h-heading__outer style-1398 style-local-139-c22\">\n                    <!---->\n                    <!---->\n                    <h2 class=\"\">Streitschlichtung:<\/h2>\n                  <\/div>\n                <\/div>\n                <div data-colibri-id=\"139-c23\" class=\"h-text h-text-component style-1399 style-local-139-c23 position-relative h-element\">\n                  <!---->\n                  <!---->\n                  <div class=\"\">\n                    <p>Die Europ\u00e4ische Kommission stellt eine Plattform zur Online-Streitbeilegung (OS) bereit: https:\/\/ec.europa.eu\/consumers\/odr. Unsere E-Mail-Adresse finden Sie oben im Impressum.<\/p>\n                    <p>Wir sind nicht bereit oder verpflichtet, an Streitbeilegungsverfahren vor einer Verbraucherschlichtungsstelle teilzunehmen.<\/p>\n                  <\/div>\n                <\/div>\n              <\/div>\n            <\/div>\n          <\/div>\n        <\/div>\n      <\/div>\n      <div data-colibri-id=\"139-c24\" class=\"h-row-container gutters-row-lg-2 gutters-row-md-2 gutters-row-0 gutters-row-v-lg-2 gutters-row-v-md-2 gutters-row-v-2 style-1400 style-local-139-c24 position-relative\">\n        <!---->\n        <div class=\"h-row justify-content-lg-center justify-content-md-center justify-content-center align-items-lg-stretch align-items-md-stretch align-items-stretch gutters-col-lg-2 gutters-col-md-2 gutters-col-0 gutters-col-v-lg-2 gutters-col-v-md-2 gutters-col-v-2\">\n          <!---->\n          <div class=\"h-column h-column-container d-flex h-col-lg-auto h-col-md-auto h-col-auto style-1401-outer style-local-139-c25-outer\">\n            <div data-colibri-id=\"139-c25\" class=\"d-flex h-flex-basis h-column__inner h-px-lg-2 h-px-md-2 h-px-2 v-inner-lg-2 v-inner-md-2 v-inner-2 style-1401 style-local-139-c25 position-relative\">\n              <!---->\n              <!---->\n              <div class=\"w-100 h-y-container h-column__content h-column__v-align flex-basis-100 align-self-lg-start align-self-md-start align-self-start\">\n                <!---->\n                <div data-colibri-id=\"139-c26\" class=\"h-global-transition-all h-heading style-1402 style-local-139-c26 position-relative h-element\">\n                  <!---->\n                  <div class=\"h-heading__outer style-1402 style-local-139-c26\">\n                    <!---->\n                    <!---->\n                    <h2 class=\"\">Haftungsausschluss:<\/h2>\n                  <\/div>\n                <\/div>\n                <div data-colibri-id=\"139-c27\" class=\"h-text h-text-component style-1403 style-local-139-c27 position-relative h-element\">\n                  <!---->\n                  <!---->\n                  <div class=\"\">\n                    <p>Die Inhalte dieses Onlineangebotes wurden sorgfa\u0308ltig und nach unserem aktuellen Kenntnisstand erstellt, dienen jedoch nur der Information und entfalten keine rechtlich bindende Wirkung, sofern es sich nicht um gesetzlich verpflichtende\n                      Informationen (z.B. das Impressum, die Datenschutzerkla\u0308rung, AGB oder Widerrufsbelehrungen fu\u0308r Verbraucher) handelt. Wir behalten uns vor, die Inhalte vollsta\u0308ndig oder teilweise zu a\u0308ndern oder zu lo\u0308schen, soweit vertragliche\n                      Verpflichtungen unberu\u0308hrt bleiben. Alle Angebote sind freibleibend und unverbindlich.<\/p>\n                  <\/div>\n                <\/div>\n              <\/div>\n            <\/div>\n          <\/div>\n        <\/div>\n      <\/div>\n      <div data-colibri-id=\"139-c28\" class=\"h-row-container gutters-row-lg-2 gutters-row-md-2 gutters-row-0 gutters-row-v-lg-2 gutters-row-v-md-2 gutters-row-v-2 style-1404 style-local-139-c28 position-relative\">\n        <!---->\n        <div class=\"h-row justify-content-lg-center justify-content-md-center justify-content-center align-items-lg-stretch align-items-md-stretch align-items-stretch gutters-col-lg-2 gutters-col-md-2 gutters-col-0 gutters-col-v-lg-2 gutters-col-v-md-2 gutters-col-v-2\">\n          <!---->\n          <div class=\"h-column h-column-container d-flex h-col-lg-auto h-col-md-auto h-col-auto style-1405-outer style-local-139-c29-outer\">\n            <div data-colibri-id=\"139-c29\" class=\"d-flex h-flex-basis h-column__inner h-px-lg-2 h-px-md-2 h-px-2 v-inner-lg-2 v-inner-md-2 v-inner-2 style-1405 style-local-139-c29 position-relative\">\n              <!---->\n              <!---->\n              <div class=\"w-100 h-y-container h-column__content h-column__v-align flex-basis-100 align-self-lg-start align-self-md-start align-self-start\">\n                <!---->\n                <div data-colibri-id=\"139-c30\" class=\"h-global-transition-all h-heading style-1406 style-local-139-c30 position-relative h-element\">\n                  <!---->\n                  <div class=\"h-heading__outer style-1406 style-local-139-c30\">\n                    <!---->\n                    <!---->\n                    <h2 class=\"\">Links auf fremde Webseiten:<\/h2>\n                  <\/div>\n                <\/div>\n                <div data-colibri-id=\"139-c31\" class=\"h-text h-text-component style-1407 style-local-139-c31 position-relative h-element\">\n                  <!---->\n                  <!---->\n                  <div class=\"\">\n                    <p>Inhalte fremder Webseiten, auf die wir direkt oder indirekt verweisen, liegen au\u00dferhalb unseres Verantwortungsbereiches und machen wir uns nicht zu Eigen. Fu\u0308r alle Inhalte und insbesondere fu\u0308r Scha\u0308den, die aus der Nutzung der in\n                      den verlinkten Webseiten aufrufbaren Informationen entstehen, haftet allein der Anbieter der verlinkten Webseiten.<\/p>\n                  <\/div>\n                <\/div>\n              <\/div>\n            <\/div>\n          <\/div>\n        <\/div>\n      <\/div>\n      <div data-colibri-id=\"139-c32\" class=\"h-row-container gutters-row-lg-2 gutters-row-md-2 gutters-row-0 gutters-row-v-lg-2 gutters-row-v-md-2 gutters-row-v-2 style-1408 style-local-139-c32 position-relative\">\n        <!---->\n        <div class=\"h-row justify-content-lg-center justify-content-md-center justify-content-center align-items-lg-stretch align-items-md-stretch align-items-stretch gutters-col-lg-2 gutters-col-md-2 gutters-col-0 gutters-col-v-lg-2 gutters-col-v-md-2 gutters-col-v-2\">\n          <!---->\n          <div class=\"h-column h-column-container d-flex h-col-lg-auto h-col-md-auto h-col-auto style-1409-outer style-local-139-c33-outer\">\n            <div data-colibri-id=\"139-c33\" class=\"d-flex h-flex-basis h-column__inner h-px-lg-2 h-px-md-2 h-px-2 v-inner-lg-2 v-inner-md-2 v-inner-2 style-1409 style-local-139-c33 position-relative\">\n              <!---->\n              <!---->\n              <div class=\"w-100 h-y-container h-column__content h-column__v-align flex-basis-100 align-self-lg-start align-self-md-start align-self-start\">\n                <!---->\n                <div data-colibri-id=\"139-c34\" class=\"h-global-transition-all h-heading style-1410 style-local-139-c34 position-relative h-element\">\n                  <!---->\n                  <div class=\"h-heading__outer style-1410 style-local-139-c34\">\n                    <!---->\n                    <!---->\n                    <h2 class=\"\">Urheberrechte und Markenrechte:<\/h2>\n                  <\/div>\n                <\/div>\n                <div data-colibri-id=\"139-c35\" class=\"h-text h-text-component style-1411 style-local-139-c35 position-relative h-element\">\n                  <!---->\n                  <!---->\n                  <div class=\"\">\n                    <p>Alle auf dieser Website dargestellten Inhalte, wie Texte, Fotografien, Grafiken, Marken und Warenzeichen sind durch die jeweiligen Schutzrechte (Urheberrechte, Markenrechte) gesch\u00fctzt. Die Verwendung, Vervielf\u00e4ltigung usw. unterliegen\n                      unseren Rechten oder den Rechten der jeweiligen Urheber bzw. Rechteverwalter. Hinweise auf Rechtsverst\u00f6\u00dfe: Sollten Sie innerhalb unseres Internetauftritts Rechtsverst\u00f6\u00dfe bemerken, bitten wir Sie uns auf diese hinzuweisen. Wir werden\n                      rechtswidrige Inhalte und Links nach Kenntnisnahme unverz\u00fcglich entfernen.<\/p>\n                  <\/div>\n                <\/div>\n              <\/div>\n            <\/div>\n          <\/div>\n        <\/div>\n      <\/div>\n      <div data-colibri-id=\"139-c36\" class=\"h-row-container gutters-row-lg-2 gutters-row-md-2 gutters-row-0 gutters-row-v-lg-2 gutters-row-v-md-2 gutters-row-v-2 style-1412 style-local-139-c36 position-relative\">\n        <!---->\n        <div class=\"h-row justify-content-lg-center justify-content-md-center justify-content-center align-items-lg-stretch align-items-md-stretch align-items-stretch gutters-col-lg-2 gutters-col-md-2 gutters-col-0 gutters-col-v-lg-2 gutters-col-v-md-2 gutters-col-v-2\">\n          <!---->\n          <div class=\"h-column h-column-container d-flex h-col-lg-auto h-col-md-auto h-col-auto style-1413-outer style-local-139-c37-outer\">\n            <div data-colibri-id=\"139-c37\" class=\"d-flex h-flex-basis h-column__inner h-px-lg-2 h-px-md-2 h-px-2 v-inner-lg-2 v-inner-md-2 v-inner-2 style-1413 style-local-139-c37 position-relative\">\n              <!---->\n              <!---->\n              <div class=\"w-100 h-y-container h-column__content h-column__v-align flex-basis-100 align-self-lg-start align-self-md-start align-self-start\">\n                <!---->\n                <div data-colibri-id=\"139-c38\" class=\"h-global-transition-all h-heading style-1414 style-local-139-c38 position-relative h-element\">\n                  <!---->\n                  <div class=\"h-heading__outer style-1414 style-local-139-c38\">\n                    <!---->\n                    <!---->\n                    <h2 class=\"\">Social Media und andere Onlinepra\u0308senzen<\/h2>\n                  <\/div>\n                <\/div>\n                <div data-colibri-id=\"139-c39\" class=\"h-text h-text-component style-1415 style-local-139-c39 position-relative h-element\">\n                  <!---->\n                  <!---->\n                  <div class=\"\">\n                    <p>Dieses Impressum gilt auch fu\u0308r die folgenden Social-Media-Pra\u0308senzen und Onlineprofile:<\/p>\n                    <p>LinkedIn &#8211; https:\/\/www.linkedin.com\/in\/felix-range-1496a034b<\/p>\n                  <\/div>\n                <\/div>\n                <div data-colibri-id=\"139-c40\" class=\"h-x-container style-1416 style-local-139-c40 position-relative h-element\">\n                  <!---->\n                  <div class=\"h-x-container-inner style-dynamic-139-c40-group style-1416-spacing style-local-139-c40-spacing\"><span class=\"h-link__outer style-1417-outer style-local-139-c41-outer d-inline-flex h-element\"><a h-use-smooth-scroll=\"true\" href=\"https:\/\/www.facebook.com\/profile.php?id=100089502889799\" data-colibri-id=\"139-c41\" class=\"d-flex w-100 align-items-center h-link style-1417 style-local-139-c41 position-relative\" target=\"_blank\" rel=\"noopener\"><!----><!----> <span>Facebook<\/span><\/a>\n                    <\/span><span class=\"h-link__outer style-1418-outer style-local-139-c42-outer d-inline-flex h-element\"><a h-use-smooth-scroll=\"true\" href=\"https:\/\/www.instagram.com\/range_immobilien\/\" data-colibri-id=\"139-c42\" class=\"d-flex w-100 align-items-center h-link style-1418 style-local-139-c42 position-relative\" target=\"_blank\" rel=\"noopener\"><!----><!----> <span>Instagram<\/span><\/a>\n                    <\/span>\n                  <\/div>\n                <\/div>\n              <\/div>\n            <\/div>\n          <\/div>\n        <\/div>\n      <\/div>\n      <div data-colibri-id=\"139-c43\" class=\"h-row-container gutters-row-lg-2 gutters-row-md-2 gutters-row-0 gutters-row-v-lg-2 gutters-row-v-md-2 gutters-row-v-2 style-800 style-local-139-c43 position-relative\">\n        <!---->\n        <div class=\"h-row justify-content-lg-center justify-content-md-center justify-content-center align-items-lg-stretch align-items-md-stretch align-items-stretch gutters-col-lg-2 gutters-col-md-2 gutters-col-0 gutters-col-v-lg-2 gutters-col-v-md-2 gutters-col-v-2\">\n          <!---->\n          <div class=\"h-column h-column-container d-flex h-col-lg-auto h-col-md-auto h-col-auto style-801-outer style-local-139-c44-outer\">\n            <div data-colibri-id=\"139-c44\" class=\"d-flex h-flex-basis h-column__inner h-px-lg-2 h-px-md-2 h-px-2 v-inner-lg-2 v-inner-md-2 v-inner-2 style-801 style-local-139-c44 position-relative\">\n              <!---->\n              <!---->\n              <div class=\"w-100 h-y-container h-column__content h-column__v-align flex-basis-100 align-self-lg-start align-self-md-start align-self-start\">\n                <!---->\n                <div data-colibri-id=\"139-c45\" class=\"d-flex align-items-center text-lg-center text-md-center text-center justify-content-lg-center justify-content-md-center justify-content-center style-802 style-local-139-c45 position-relative h-element\">\n                  <!---->\n                  <a rel=\"home\" href=\"https:\/\/www.range-immobilien.de\/Immobilienmakler-in-Hamburg-Schnelsen\/\" h-use-smooth-scroll=\"true\" class=\"d-flex align-items-center\">\n                    <img decoding=\"async\" src=\"https:\/\/www.range-immobilien.de\/wp-content\/uploads\/2023\/02\/cropped-cropped-cropped-cropped-Range-Immobilien-Logo-1.jpg\" class=\"h-logo__image h-logo__image_h logo-image style-802-image style-local-139-c45-image\" alt=\"Immobilienmakler in Hamburg Schnelsen\" \/>\n                    <img decoding=\"async\" src=\"https:\/\/www.range-immobilien.de\/wp-content\/uploads\/2023\/02\/cropped-cropped-cropped-cropped-Range-Immobilien-Logo-1.jpg\" class=\"h-logo__alt-image h-logo__alt-image_h logo-alt-image style-802-image style-local-139-c45-image\">\n                  <\/a>\n                <\/div>\n              <\/div>\n            <\/div>\n          <\/div>\n        <\/div>\n      <\/div>\n    <\/div>\n  <\/div>\n<\/div>","protected":false},"excerpt":{"rendered":"<p>Impressum Hinweise gem. Telemediengesetz ( \u00a75TMG ): Betreiber und verantwortlicher Inhaber dieser Internetseite ist: Range Immobilien Felix Range Am Dorfteich 8 22457 Hamburg Kontakt: Telefon: 0170-936 56 43 E-Mail: info@range-immobilien.de www.range-immobilien.de Steuernummer: 45\/192\/03907 Aufsichtsbeh\u00f6rde: Freie und Hansestadt Hamburg, Bezirksamt Eimsb\u00fcttel Gewerbeerlaubnis nach \u00a7 34 c ( 1 ) Nr. 1 GewO erteilt durch die Freie [&hellip;]<\/p>\n","protected":false},"author":2,"featured_media":0,"parent":0,"menu_order":0,"comment_status":"closed","ping_status":"closed","template":"page-templates\/full-width-page.php","meta":{"footnotes":""},"class_list":["post-139","page","type-page","status-publish","hentry"],"_links":{"self":[{"href":"https:\/\/www.range-immobilien.de\/Immobilienmakler-in-Hamburg-Schnelsen\/wp-json\/wp\/v2\/pages\/139","targetHints":{"allow":["GET"]}}],"collection":[{"href":"https:\/\/www.range-immobilien.de\/Immobilienmakler-in-Hamburg-Schnelsen\/wp-json\/wp\/v2\/pages"}],"about":[{"href":"https:\/\/www.range-immobilien.de\/Immobilienmakler-in-Hamburg-Schnelsen\/wp-json\/wp\/v2\/types\/page"}],"author":[{"embeddable":true,"href":"https:\/\/www.range-immobilien.de\/Immobilienmakler-in-Hamburg-Schnelsen\/wp-json\/wp\/v2\/users\/2"}],"replies":[{"embeddable":true,"href":"https:\/\/www.range-immobilien.de\/Immobilienmakler-in-Hamburg-Schnelsen\/wp-json\/wp\/v2\/comments?post=139"}],"version-history":[{"count":6,"href":"https:\/\/www.range-immobilien.de\/Immobilienmakler-in-Hamburg-Schnelsen\/wp-json\/wp\/v2\/pages\/139\/revisions"}],"predecessor-version":[{"id":3503,"href":"https:\/\/www.range-immobilien.de\/Immobilienmakler-in-Hamburg-Schnelsen\/wp-json\/wp\/v2\/pages\/139\/revisions\/3503"}],"wp:attachment":[{"href":"https:\/\/www.range-immobilien.de\/Immobilienmakler-in-Hamburg-Schnelsen\/wp-json\/wp\/v2\/media?parent=139"}],"curies":[{"name":"wp","href":"https:\/\/api.w.org\/{rel}","templated":true}]}}