{"id":333,"date":"2020-01-08T17:29:25","date_gmt":"2020-01-08T16:29:25","guid":{"rendered":"https:\/\/www.range-immobilien.de\/?page_id=333"},"modified":"2026-03-18T14:13:52","modified_gmt":"2026-03-18T13:13:52","slug":"agb","status":"publish","type":"page","link":"https:\/\/www.range-immobilien.de\/Immobilienmakler-in-Hamburg-Schnelsen\/agb\/","title":{"rendered":"Allgemeine Gesch\u00e4ftsbedingungen"},"content":{"rendered":"<div class=\"style-803 style-local-333-c1 position-relative\" data-colibri-id=\"333-c1\">\r\n<div id=\"initial-content\" class=\"h-section h-section-global-spacing d-flex align-items-lg-center align-items-md-center align-items-center style-804 style-local-333-c2 position-relative\" data-colibri-component=\"section\" data-colibri-id=\"333-c2\">\r\n<div class=\"h-section-grid-container h-section-boxed-container\">\r\n<div class=\"h-row-container gutters-row-lg-2 gutters-row-md-2 gutters-row-0 gutters-row-v-lg-2 gutters-row-v-md-2 gutters-row-v-2 style-2616 style-local-333-c12 position-relative\" data-colibri-id=\"333-c12\">\r\n<div class=\"h-row justify-content-lg-center justify-content-md-center justify-content-center align-items-lg-stretch align-items-md-stretch align-items-stretch gutters-col-lg-2 gutters-col-md-2 gutters-col-0 gutters-col-v-lg-2 gutters-col-v-md-2 gutters-col-v-2\">\r\n<div class=\"h-column h-column-container d-flex h-col-lg-auto h-col-md-auto h-col-auto style-2617-outer style-local-333-c13-outer\">\r\n<div class=\"d-flex h-flex-basis h-column__inner h-px-lg-2 h-px-md-2 h-px-2 v-inner-lg-2 v-inner-md-2 v-inner-2 style-2617 style-local-333-c13 position-relative\" data-colibri-id=\"333-c13\">\r\n<div class=\"w-100 h-y-container h-column__content h-column__v-align flex-basis-100 align-self-lg-start align-self-md-start align-self-start\">\r\n<div class=\"h-global-transition-all h-heading style-2618 style-local-333-c14 position-relative h-element\" data-colibri-id=\"333-c14\">\r\n<div class=\"h-heading__outer style-2618 style-local-333-c14\">\r\n<h1 class=\"\">Allgemeine Gesch\u00e4ftsbedingungen von Range Immobilien<\/h1>\r\n<\/div>\r\n<\/div>\r\n<\/div>\r\n<\/div>\r\n<\/div>\r\n<\/div>\r\n<\/div>\r\n<div class=\"h-row-container gutters-row-lg-2 gutters-row-md-2 gutters-row-0 gutters-row-v-lg-2 gutters-row-v-md-2 gutters-row-v-2 style-1419 style-local-333-c3 position-relative\" data-colibri-id=\"333-c3\">\r\n<div class=\"h-row justify-content-lg-center justify-content-md-center justify-content-center align-items-lg-stretch align-items-md-stretch align-items-stretch gutters-col-lg-2 gutters-col-md-2 gutters-col-0 gutters-col-v-lg-2 gutters-col-v-md-2 gutters-col-v-2\">\r\n<div class=\"h-column h-column-container d-flex h-col-lg-auto h-col-md-auto h-col-auto style-1420-outer style-local-333-c4-outer\">\r\n<div class=\"d-flex h-flex-basis h-column__inner h-px-lg-2 h-px-md-2 h-px-2 v-inner-lg-2 v-inner-md-2 v-inner-2 style-1420 style-local-333-c4 position-relative\" data-colibri-id=\"333-c4\">\r\n<div class=\"w-100 h-y-container h-column__content h-column__v-align flex-basis-100 align-self-lg-start align-self-md-start align-self-start\">\r\n<div class=\"h-global-transition-all h-heading style-1421 style-local-333-c5 position-relative h-element\" data-colibri-id=\"333-c5\">\r\n<div class=\"h-heading__outer style-1421 style-local-333-c5\">\r\n<h2 class=\"\">AGB zwischen dem Makler und dem Kunden als Verbraucher<\/h2>\r\n<\/div>\r\n<\/div>\r\n<div class=\"h-global-transition-all h-heading style-2620 style-local-333-c16 position-relative h-element\" data-colibri-id=\"333-c16\">\r\n<div class=\"h-heading__outer style-2620 style-local-333-c16\">\r\n<h3 class=\"\">\u00a71 Geltungsbereich und Weitergabeverbot<\/h3>\r\n<\/div>\r\n<\/div>\r\n<div class=\"h-text h-text-component style-2621 style-local-333-c17 position-relative h-element\" data-colibri-id=\"333-c17\">\r\n<div class=\"\">\r\n<ol>\r\n \t<li>Diese AGB gelten f\u00fcr alle Gesch\u00e4ftsbeziehungen zwischen Range Immobilien (nachfolgend \u201eMakler\u201c) und seinen Kunden (K\u00e4ufer, Verk\u00e4ufer oder sonstige Auftraggeber, nachfolgend \u201eKunde\u201c).<\/li>\r\n \t<li>S\u00e4mtliche Informationen, insbesondere Objektnachweise und Objektinformationen, sind ausschlie\u00dflich f\u00fcr den Kunden bestimmt. Eine Weitergabe an Dritte \u2013 einschlie\u00dflich Erf\u00fcllungsgehilfen oder verbundener Unternehmen \u2013 bedarf der ausdr\u00fccklichen\r\nschriftlichen Zustimmung des Maklers.<\/li>\r\n \t<li>Verst\u00f6\u00dft der Kunde gegen diese Verpflichtung und kommt es infolgedessen zu einem Vertragsabschluss durch Dritte, ist der Kunde verpflichtet, die vereinbarte Maklerprovision zuz\u00fcglich gesetzlicher Mehrwertsteuer zu zahlen.<\/li>\r\n<\/ol>\r\n<\/div>\r\n<\/div>\r\n<div class=\"h-global-transition-all h-heading style-2622 style-local-333-c18 position-relative h-element\" data-colibri-id=\"333-c18\">\r\n<div class=\"h-heading__outer style-2622 style-local-333-c18\">\r\n<h3 class=\"\">\u00a72 Doppelt\u00e4tigkeit<\/h3>\r\n<\/div>\r\n<\/div>\r\n<div class=\"h-text h-text-component style-2624 style-local-333-c20 position-relative h-element\" data-colibri-id=\"333-c20\">\r\n<div class=\"\">\r\n\r\n<span style=\"font-weight: 400; font-size: 20px; font-family: 'Open Sans'; color: #17252a;\">Der Makler darf sowohl f\u00fcr Verk\u00e4ufer als auch f\u00fcr K\u00e4ufer t\u00e4tig werden. Eine Doppelt\u00e4tigkeit erfolgt stets nach vorheriger Information aller beteiligten Parteien, um Interessenkonflikte zu vermeiden.<\/span>\r\n\r\n<\/div>\r\n<\/div>\r\n<div class=\"h-global-transition-all h-heading style-2625 style-local-333-c21 position-relative h-element\" data-colibri-id=\"333-c21\">\r\n<div class=\"h-heading__outer style-2625 style-local-333-c21\">\r\n<h3 class=\"\">\u00a73 Eigent\u00fcmerangaben<\/h3>\r\n<\/div>\r\n<\/div>\r\n<div class=\"h-text h-text-component style-2626 style-local-333-c22 position-relative h-element\" data-colibri-id=\"333-c22\">\r\n<div class=\"\">\r\n<ol>\r\n \t<li>Die vom Makler weitergegebenen Objektinformationen stammen vom Verk\u00e4ufer oder von vom Verk\u00e4ufer beauftragten Dritten.<\/li>\r\n \t<li>Der Makler \u00fcbernimmt keine Haftung f\u00fcr die Richtigkeit oder Vollst\u00e4ndigkeit der Angaben. Der Kunde ist selbst verpflichtet, diese Informationen auf ihre Genauigkeit zu pr\u00fcfen.<\/li>\r\n \t<li>Der Makler gibt die Informationen nach bestem Wissen weiter, um die Vermittlung effizient zu gestalten.<\/li>\r\n<\/ol>\r\n<\/div>\r\n<\/div>\r\n<div class=\"h-global-transition-all h-heading style-2627 style-local-333-c23 position-relative h-element\" data-colibri-id=\"333-c23\">\r\n<div class=\"h-heading__outer style-2627 style-local-333-c23\">\r\n<h3 class=\"\">\u00a74 Informationspflicht des Auftraggebers<\/h3>\r\n<\/div>\r\n<\/div>\r\n<div class=\"h-text h-text-component style-2628 style-local-333-c24 position-relative h-element\" data-colibri-id=\"333-c24\">\r\n<div class=\"\">\r\n<ol>\r\n \t<li>Der Auftraggeber (Eigent\u00fcmer) ist verpflichtet, vor Abschluss eines Kaufvertrages den Makler zu informieren, ob der Vertragspartner durch dessen T\u00e4tigkeit nachgewiesen wurde.<\/li>\r\n \t<li>Der Auftraggeber erteilt dem Makler Vollmacht, alle zur Vermittlung notwendigen Ausk\u00fcnfte einzuholen, einschlie\u00dflich Einsicht in Grundbuch, beh\u00f6rdliche Akten und Bauakten sowie Ausk\u00fcnfte beim WEG-Verwalter.<\/li>\r\n<\/ol>\r\n<\/div>\r\n<\/div>\r\n<div class=\"h-global-transition-all h-heading style-2629 style-local-333-c25 position-relative h-element\" data-colibri-id=\"333-c25\">\r\n<div class=\"h-heading__outer style-2629 style-local-333-c25\">\r\n<h3 class=\"\">\u00a75 Ersatz- und Folgegesch\u00e4fte<\/h3>\r\n<\/div>\r\n<\/div>\r\n<div class=\"h-text h-text-component style-2623 style-local-333-c19 position-relative h-element\" data-colibri-id=\"333-c19\">\r\n<div class=\"\">\r\n<ol>\r\n \t<li>Die Provisionspflicht entsteht auch bei Ersatz- oder Folgegesch\u00e4ften.<\/li>\r\n \t<li>Ein Ersatzgesch\u00e4ft liegt vor, wenn der Kunde oder sein wirtschaftlicher Nachfolger die Gelegenheit zum Hauptvertrag nutzt, die vom Makler nachgewiesen wurde.<\/li>\r\n \t<li>Es ist nicht erforderlich, dass das Ersatzgesch\u00e4ft wirtschaftlich identisch mit dem urspr\u00fcnglich nachgewiesenen Gesch\u00e4ft ist.<\/li>\r\n<\/ol>\r\n<\/div>\r\n<\/div>\r\n<div class=\"h-global-transition-all h-heading style-2632 style-local-333-c29 position-relative h-element\" data-colibri-id=\"333-c29\">\r\n<div class=\"h-heading__outer style-2632 style-local-333-c29\">\r\n<h3 class=\"\">\u00a76 Aufwendungsersatz<\/h3>\r\n<\/div>\r\n<\/div>\r\n<div class=\"h-text h-text-component style-2633 style-local-333-c30 position-relative h-element\" data-colibri-id=\"333-c30\">\r\n<div class=\"\">\r\n<ol>\r\n \t<li>Entstehen dem Makler im Rahmen der Auftragsdurchf\u00fchrung Aufwendungen (z.\u202fB. f\u00fcr Inserate, Internetauftritte, Telefonkosten, Fahrtkosten, Objektbesichtigungen), sind diese vom Kunden zu erstatten, wenn kein Vertragsabschluss zustande\r\nkommt.<\/li>\r\n \t<li>Der Makler legt die entstandenen Kosten nachweislich offen.<\/li>\r\n<\/ol>\r\n<\/div>\r\n<\/div>\r\n<\/div>\r\n<\/div>\r\n<\/div>\r\n<\/div>\r\n<\/div>\r\n<div class=\"h-row-container gutters-row-lg-2 gutters-row-md-2 gutters-row-0 gutters-row-v-lg-2 gutters-row-v-md-2 gutters-row-v-2 style-2634 style-local-333-c31 position-relative\" data-colibri-id=\"333-c31\">\r\n<div class=\"h-row justify-content-lg-center justify-content-md-center justify-content-center align-items-lg-stretch align-items-md-stretch align-items-stretch gutters-col-lg-2 gutters-col-md-2 gutters-col-0 gutters-col-v-lg-2 gutters-col-v-md-2 gutters-col-v-2\">\r\n<div class=\"h-column h-column-container d-flex h-col-lg-auto h-col-md-auto h-col-auto style-2635-outer style-local-333-c32-outer\">\r\n<div class=\"d-flex h-flex-basis h-column__inner h-px-lg-2 h-px-md-2 h-px-2 v-inner-lg-2 v-inner-md-2 v-inner-2 style-2635 style-local-333-c32 position-relative\" data-colibri-id=\"333-c32\">\r\n<div class=\"w-100 h-y-container h-column__content h-column__v-align flex-basis-100 align-self-lg-start align-self-md-start align-self-start\">\r\n<div class=\"h-global-transition-all h-heading style-2636 style-local-333-c33 position-relative h-element\" data-colibri-id=\"333-c33\">\r\n<div class=\"h-heading__outer style-2636 style-local-333-c33\">\r\n<h3 class=\"\">\u00a77 Haftungsbegrenzung<\/h3>\r\n<\/div>\r\n<\/div>\r\n<div class=\"h-text h-text-component style-2637 style-local-333-c34 position-relative h-element\" data-colibri-id=\"333-c34\">\r\n<div class=\"\">\r\n<ol>\r\n \t<li>Die Haftung des Maklers wird auf grob fahrl\u00e4ssiges oder vors\u00e4tzliches Verhalten begrenzt.<\/li>\r\n \t<li>Eine Haftung f\u00fcr K\u00f6rpersch\u00e4den oder Todesf\u00e4lle bleibt unber\u00fchrt, soweit gesetzlich vorgeschrieben.<\/li>\r\n<\/ol>\r\n<\/div>\r\n<\/div>\r\n<\/div>\r\n<\/div>\r\n<\/div>\r\n<\/div>\r\n<\/div>\r\n<div class=\"h-row-container gutters-row-lg-2 gutters-row-md-2 gutters-row-0 gutters-row-v-lg-2 gutters-row-v-md-2 gutters-row-v-2 style-2638 style-local-333-c35 position-relative\" data-colibri-id=\"333-c35\">\r\n<div class=\"h-row justify-content-lg-center justify-content-md-center justify-content-center align-items-lg-stretch align-items-md-stretch align-items-stretch gutters-col-lg-2 gutters-col-md-2 gutters-col-0 gutters-col-v-lg-2 gutters-col-v-md-2 gutters-col-v-2\">\r\n<div class=\"h-column h-column-container d-flex h-col-lg-auto h-col-md-auto h-col-auto style-2639-outer style-local-333-c36-outer\">\r\n<div class=\"d-flex h-flex-basis h-column__inner h-px-lg-2 h-px-md-2 h-px-2 v-inner-lg-2 v-inner-md-2 v-inner-2 style-2639 style-local-333-c36 position-relative\" data-colibri-id=\"333-c36\">\r\n<div class=\"w-100 h-y-container h-column__content h-column__v-align flex-basis-100 align-self-lg-start align-self-md-start align-self-start\">\r\n<div class=\"h-global-transition-all h-heading style-2640 style-local-333-c37 position-relative h-element\" data-colibri-id=\"333-c37\">\r\n<div class=\"h-heading__outer style-2640 style-local-333-c37\">\r\n<h3 class=\"\">\u00a78 Verj\u00e4hrung<\/h3>\r\n<\/div>\r\n<\/div>\r\n<div class=\"h-text h-text-component style-2641 style-local-333-c38 position-relative h-element\" data-colibri-id=\"333-c38\">\r\n<div class=\"\">\r\n<ol>\r\n \t<li>Schadensersatzanspr\u00fcche des Kunden gegen den Makler verj\u00e4hren innerhalb von drei Jahren.<\/li>\r\n \t<li>Die Frist beginnt mit der Handlung, die den Anspruch ausgel\u00f6st hat.<\/li>\r\n \t<li>Gesetzliche Verj\u00e4hrungsregelungen, die eine k\u00fcrzere Frist vorsehen, bleiben unber\u00fchrt.<\/li>\r\n<\/ol>\r\n<\/div>\r\n<\/div>\r\n<div class=\"h-global-transition-all h-heading style-2642 style-local-333-c39 position-relative h-element\" data-colibri-id=\"333-c39\">\r\n<div class=\"h-heading__outer style-2642 style-local-333-c39\">\r\n<h3 class=\"\">\u00a79 Gerichtsstand<\/h3>\r\n<\/div>\r\n<\/div>\r\n<div class=\"h-text h-text-component style-2643 style-local-333-c40 position-relative h-element\" data-colibri-id=\"333-c40\">\r\n<div class=\"\">\r\n<ol>\r\n \t<li>F\u00fcr Kunden, die Kaufleute sind, ist der Gerichtsstand der Sitz des Maklers in Hamburg.<\/li>\r\n \t<li>F\u00fcr Verbraucher gelten die gesetzlichen Gerichtsst\u00e4nde.<\/li>\r\n<\/ol>\r\n<\/div>\r\n<\/div>\r\n<\/div>\r\n<\/div>\r\n<\/div>\r\n<\/div>\r\n<\/div>\r\n<div class=\"h-row-container gutters-row-lg-2 gutters-row-md-2 gutters-row-0 gutters-row-v-lg-2 gutters-row-v-md-2 gutters-row-v-2 style-2644 style-local-333-c41 position-relative\" data-colibri-id=\"333-c41\">\r\n<div class=\"h-row justify-content-lg-center justify-content-md-center justify-content-center align-items-lg-stretch align-items-md-stretch align-items-stretch gutters-col-lg-2 gutters-col-md-2 gutters-col-0 gutters-col-v-lg-2 gutters-col-v-md-2 gutters-col-v-2\">\r\n<div class=\"h-column h-column-container d-flex h-col-lg-auto h-col-md-auto h-col-auto style-2645-outer style-local-333-c42-outer\">\r\n<div class=\"d-flex h-flex-basis h-column__inner h-px-lg-2 h-px-md-2 h-px-2 v-inner-lg-2 v-inner-md-2 v-inner-2 style-2645 style-local-333-c42 position-relative\" data-colibri-id=\"333-c42\">\r\n<div class=\"w-100 h-y-container h-column__content h-column__v-align flex-basis-100 align-self-lg-start align-self-md-start align-self-start\">\r\n<div class=\"h-global-transition-all h-heading style-2646 style-local-333-c43 position-relative h-element\" data-colibri-id=\"333-c43\">\r\n<div class=\"h-heading__outer style-2646 style-local-333-c43\">\r\n<h3 class=\"\">\u00a710 Salvatorische Klausel<\/h3>\r\n<\/div>\r\n<\/div>\r\n<div class=\"h-text h-text-component style-2647 style-local-333-c44 position-relative h-element\" data-colibri-id=\"333-c44\">\r\n<div class=\"\">\r\n\r\n<span style=\"font-weight: 400; font-size: 20px; font-family: 'Open Sans'; color: #17252a;\">Sollte eine Bestimmung dieser AGB unwirksam sein oder werden, bleibt die Wirksamkeit der \u00fcbrigen Bestimmungen unber\u00fchrt. Die unwirksame Regelung wird durch eine rechtlich zul\u00e4ssige ersetzt, die dem wirtschaftlichen Zweck der urspr\u00fcnglichen Regelung am n\u00e4chsten kommt.<\/span>\r\n\r\n<\/div>\r\n<\/div>\r\n<\/div>\r\n<\/div>\r\n<\/div>\r\n<\/div>\r\n<\/div>\r\n<div class=\"h-row-container gutters-row-lg-2 gutters-row-md-2 gutters-row-0 gutters-row-v-lg-2 gutters-row-v-md-2 gutters-row-v-2 style-2630 style-local-333-c26 position-relative\" data-colibri-id=\"333-c26\">\r\n<div class=\"h-row justify-content-lg-center justify-content-md-center justify-content-center align-items-lg-stretch align-items-md-stretch align-items-stretch gutters-col-lg-2 gutters-col-md-2 gutters-col-0 gutters-col-v-lg-2 gutters-col-v-md-2 gutters-col-v-2\">\r\n<div class=\"h-column h-column-container d-flex h-col-lg-auto h-col-md-auto h-col-auto style-2631-outer style-local-333-c27-outer\">\r\n<div class=\"d-flex h-flex-basis h-column__inner h-px-lg-2 h-px-md-2 h-px-2 v-inner-lg-2 v-inner-md-2 v-inner-2 style-2631 style-local-333-c27 position-relative\" data-colibri-id=\"333-c27\">\r\n<div class=\"w-100 h-y-container h-column__content h-column__v-align flex-basis-100 align-self-lg-start align-self-md-start align-self-start\">\r\n<div class=\"h-text h-text-component style-2619 style-local-333-c28 position-relative h-element\" data-colibri-id=\"333-c28\">\r\n<div class=\"\">\r\n<h2><strong style=\"font-size: 20px; font-family: 'Open Sans'; color: #17252a;\">Hinweis:<\/strong><span style=\"font-size: 20px; font-family: 'Open Sans'; color: #17252a; font-weight: 400;\">\u00a0Diese AGB gelten erg\u00e4nzend zu den vertraglichen Vereinbarungen im individuellen Maklervertrag.<\/span><\/h2>\r\n<\/div>\r\n<\/div>\r\n<\/div>\r\n<\/div>\r\n<\/div>\r\n<\/div>\r\n<\/div>\r\n<div class=\"h-row-container gutters-row-lg-2 gutters-row-md-2 gutters-row-0 gutters-row-v-lg-2 gutters-row-v-md-2 gutters-row-v-2 style-805 style-local-333-c9 position-relative\" data-colibri-id=\"333-c9\">\r\n<div class=\"h-row justify-content-lg-center justify-content-md-center justify-content-center align-items-lg-stretch align-items-md-stretch align-items-stretch gutters-col-lg-2 gutters-col-md-2 gutters-col-0 gutters-col-v-lg-2 gutters-col-v-md-2 gutters-col-v-2\">\r\n<div class=\"h-column h-column-container d-flex h-col-lg-auto h-col-md-auto h-col-auto style-806-outer style-local-333-c10-outer\">\r\n<div class=\"d-flex h-flex-basis h-column__inner h-px-lg-2 h-px-md-2 h-px-2 v-inner-lg-2 v-inner-md-2 v-inner-2 style-806 style-local-333-c10 position-relative\" data-colibri-id=\"333-c10\">\r\n<div class=\"w-100 h-y-container h-column__content h-column__v-align flex-basis-100 align-self-lg-start align-self-md-start align-self-start\">\r\n<div class=\"d-flex align-items-center text-lg-center text-md-center text-center justify-content-lg-center justify-content-md-center justify-content-center style-808 style-local-333-c11 position-relative h-element\" data-colibri-id=\"333-c11\"><a class=\"d-flex align-items-center\" href=\"https:\/\/www.range-immobilien.de\/Immobilienmakler-in-Hamburg-Schnelsen\/\" rel=\"home\">\r\n<img decoding=\"async\" class=\"h-logo__image h-logo__image_h logo-image style-808-image style-local-333-c11-image\" src=\"https:\/\/www.range-immobilien.de\/wp-content\/uploads\/2023\/02\/cropped-cropped-cropped-cropped-Range-Immobilien-Logo-1.jpg\" alt=\"Immobilienmakler in Hamburg Schnelsen\" \/>\r\n<img decoding=\"async\" class=\"h-logo__alt-image h-logo__alt-image_h logo-alt-image style-808-image style-local-333-c11-image\" src=\"https:\/\/www.range-immobilien.de\/wp-content\/uploads\/2023\/02\/cropped-cropped-cropped-cropped-Range-Immobilien-Logo-1.jpg\" \/>\r\n<\/a><\/div>\r\n<\/div>\r\n<\/div>\r\n<\/div>\r\n<\/div>\r\n<\/div>\r\n<\/div>\r\n<\/div>\r\n<\/div>","protected":false},"excerpt":{"rendered":"<p>Allgemeine Gesch\u00e4ftsbedingungen von Range Immobilien AGB zwischen dem Makler und dem Kunden als Verbraucher \u00a71 Geltungsbereich und Weitergabeverbot Diese AGB gelten f\u00fcr alle Gesch\u00e4ftsbeziehungen zwischen Range Immobilien (nachfolgend \u201eMakler\u201c) und seinen Kunden (K\u00e4ufer, Verk\u00e4ufer oder sonstige Auftraggeber, nachfolgend \u201eKunde\u201c). S\u00e4mtliche Informationen, insbesondere Objektnachweise und Objektinformationen, sind ausschlie\u00dflich f\u00fcr den Kunden bestimmt. Eine Weitergabe an Dritte [&hellip;]<\/p>\n","protected":false},"author":2,"featured_media":0,"parent":0,"menu_order":0,"comment_status":"closed","ping_status":"closed","template":"page-templates\/full-width-page.php","meta":{"footnotes":""},"class_list":["post-333","page","type-page","status-publish","hentry"],"_links":{"self":[{"href":"https:\/\/www.range-immobilien.de\/Immobilienmakler-in-Hamburg-Schnelsen\/wp-json\/wp\/v2\/pages\/333","targetHints":{"allow":["GET"]}}],"collection":[{"href":"https:\/\/www.range-immobilien.de\/Immobilienmakler-in-Hamburg-Schnelsen\/wp-json\/wp\/v2\/pages"}],"about":[{"href":"https:\/\/www.range-immobilien.de\/Immobilienmakler-in-Hamburg-Schnelsen\/wp-json\/wp\/v2\/types\/page"}],"author":[{"embeddable":true,"href":"https:\/\/www.range-immobilien.de\/Immobilienmakler-in-Hamburg-Schnelsen\/wp-json\/wp\/v2\/users\/2"}],"replies":[{"embeddable":true,"href":"https:\/\/www.range-immobilien.de\/Immobilienmakler-in-Hamburg-Schnelsen\/wp-json\/wp\/v2\/comments?post=333"}],"version-history":[{"count":4,"href":"https:\/\/www.range-immobilien.de\/Immobilienmakler-in-Hamburg-Schnelsen\/wp-json\/wp\/v2\/pages\/333\/revisions"}],"predecessor-version":[{"id":3027,"href":"https:\/\/www.range-immobilien.de\/Immobilienmakler-in-Hamburg-Schnelsen\/wp-json\/wp\/v2\/pages\/333\/revisions\/3027"}],"wp:attachment":[{"href":"https:\/\/www.range-immobilien.de\/Immobilienmakler-in-Hamburg-Schnelsen\/wp-json\/wp\/v2\/media?parent=333"}],"curies":[{"name":"wp","href":"https:\/\/api.w.org\/{rel}","templated":true}]}}